{"id":13,"date":"2021-10-23T03:31:59","date_gmt":"2021-10-23T03:31:59","guid":{"rendered":"https:\/\/ona.deothemes.com\/?page_id=13"},"modified":"2023-04-10T10:13:31","modified_gmt":"2023-04-10T08:13:31","slug":"about","status":"publish","type":"page","link":"https:\/\/terradesign.fr\/index.php\/about\/","title":{"rendered":"A Propos"},"content":{"rendered":"<style>\/*! elementor - v3.10.1 - 26-01-2023 *\/<br \/>\n.elementor-widget-image{text-align:center}.elementor-widget-image a{display:inline-block}.elementor-widget-image a img[src$=\".svg\"]{width:48px}.elementor-widget-image img{vertical-align:middle;display:inline-block}<\/style>\n<p>\t\t\t\t\t\t\t\t\t\t\t\t<img decoding=\"async\" src=\"https:\/\/terradesign.fr\/wp-content\/uploads\/elementor\/thumbs\/Morosaglia-Terchini_panorama-scaled-q13ve1aub0d8m9rd0q6evsme1uzopsq7fyvm1xsrnk.jpg\" title=\"Morosaglia-Terchini_panorama\" alt=\"Morosaglia-Terchini_panorama\" loading=\"lazy\">\t\t\t\t\t\t\t\t\t\t\t\t\t\t\t<\/p>\n<p><\/p>\n\n\n<\/p>\n<p style=\"text-transform: uppercase;\">Terra Design : Ma\u00e7onnerie Particuli\u00e8re.<\/p>\n<p>\n\n\n<p><\/p>\n<p><\/p>\n\n\n<\/p>\n<p>Sarl install\u00e9e au c\u0153ur de la Corse&#8230; \u00e0 Morosaglia pour \u00eatre pr\u00e9cis !<\/p>\n<p>\n\n\n<p><\/p>\n<p><\/p>\n\n\n<\/p>\n<p>Nous formons une \u00e9quipe de professionnels mobiles et tr\u00e8s adaptatifs qui\u00a0avons certainement d\u00e9j\u00e0 rencontr\u00e9 une situation qui correspond \u00e0 votre exigence.<\/p>\n<p>\n\n\n<p><\/p>\n<p><\/p>\n\n\n<\/p>\n<p>Th\u00e9oriquement, nous intervenons dans toute la Corse. Mais en pratique, on rayonne plus souvent en Haute-Corse.<\/p>\n<p>Corte, Bastia (particuli\u00e8rement dans le centre ancien). Nous n&rsquo;h\u00e9sitons pas \u00e0 monter dans les villages du Cortenais, du Niolu, du Nebbiu, de la Castagniccia, et la Balagne, mais aussi le Paese Bastiacciu, la Plaine Orientale, etc.<\/p>\n<p>\n\n\n<p><\/p>\n<p><\/p>\n\n\n<\/p>\n<p>Nous r\u00e9habilitons le b\u00e2ti s\u00e9culaire, parfois dans le cadre d&rsquo;une <a href=\"https:\/\/www.anah.fr\/collectivite\/les-operations-programmees\/trouver-une-operation-programmee\/resultats-de-recherche\/fiche-detaillee\/programme\/opah-communaute-de-communes-ouest-corse-2810\/\">OPAH (<em>Op\u00e9ration Programm\u00e9e d&rsquo;Am\u00e9lioration de l&rsquo;Habitat<\/em>)<\/a> ou avec le concours de l&rsquo;<a href=\"https:\/\/www.anah.fr\/\">ANAH (<em>Agence Nationale pour l&rsquo;Am\u00e9lioration de l&rsquo;H\u00e2bitat<\/em>)<\/a>, toujours en accord avec l&rsquo;<a href=\"https:\/\/www.culture.gouv.fr\/Regions\/DRAC-Corse\/La-Direction-generale-des-Affaires-culturelles-DRAC-de-Corse\/Les-UDAP-unites-departementales-de-l-architecture-et-du-patrimoine-de-Corse\/UDAP-2B-Haute-Corse\">UDAP 2B (<em>Unit\u00e9 d\u00e9partementale de l\u2019architecture et du patrimoine de Haute-Corse<\/em>)<\/a> et la consultations des <a href=\"http:\/\/www.patrimoine-environnement.fr\/larchitecte-des-batiments-de-france\/\">ABF (Architectes des B\u00e2timents de France)<\/a> que ce soit des maisons de village ou des appartements inscrits dans des b\u00e2timents class\u00e9s du centre citadin ancien.<\/p>\n<p>\n\n\n<p><\/p>\n<p><\/p>\n\n\n<\/p>\n<p class=\"wp-elements-359de32f8c996a7e5ca957835395f41a\">Certifi\u00e9 par l&rsquo;<a href=\"https:\/\/ecolenationaleduchanvre.com\/\">Ecole Nationale du Chanvre<\/a>, nous isolons les b\u00e2tis neufs ou anciens en Chanvre et Chaux. Aussi bien par le sol, la toiture, les dalles, les murs et cloisons int\u00e9rieurs ou les fa\u00e7ades ext\u00e9rieures. Nous construisons \u00e9galement des maisons \u00e9cologiques durables en B\u00e9ton de Chanvre (pouvoir isolant, ignifuge, antiparasite exceptionnel !) . Pour la r\u00e9habilitation d&rsquo;ancien, nous pouvons isoler par l&rsquo;int\u00e9rieur ou l&rsquo;ext\u00e9rieur en respectant le cahier des charges des B\u00e2timents de France (indispensable pour les zones class\u00e9es).<\/p>\n<p>\n\n\n<p><\/p>\n<p><\/p>\n\n\n<\/p>\n<p>Construction de vo\u00fbtes en briques &#8211; Escaliers \u00e0 marches balanc\u00e9es &#8211; Cloison et murs \u00e0 colombage &#8211; R\u00e9fection de mur de pierre et toiture en lauzes font partie de notre registre de comp\u00e9tences&#8230; Mais qui peut le plus, peut le moins : nous r\u00e9pondons aussi aux besoins en second \u0153uvre et savons nous montrer polyvalents pour ne pas \u00eatre bloquer sur un chantier. L&rsquo;\u00e9lectricit\u00e9, la plomberie, le doublage, la couverture, etc. font souvent partie de notre mission.<\/p>\n<p>\n\n\n<p><\/p>\n<p><\/p>\n\n\n<\/p>\n<p>Tout ceci justifie notre Slogan : \u00ab\u00a0Ma\u00e7onnerie Particuli\u00e8re\u00a0\u00bb.\u00a0<\/p>\n<p>\n\n\n<p><\/p>\n<p><\/p>\n\n\n<\/p>\n<p>\n\n\n<p><\/p>\n<p><\/p>\n\n\n<\/p>\n<p>L&rsquo;aspect \u00ab\u00a0respect de l&rsquo;environnement\u00a0\u00bb n&rsquo;est pas seulement une reconnaissance officielle avec le label <a href=\"https:\/\/www.qualibat.com\/nos-missions\/le-rge\/\">RGE (<strong>Reconnu Garant de l&rsquo;Environnement<\/strong>)<\/a> obtenu par le chef d&rsquo;entreprise : Romain Agostinetti. C&rsquo;est aussi et surtout un esprit d&rsquo;\u00e9quipe port\u00e9 par tous les acteurs de Terra Design qui aiment vivre en Corse. La reconnaissance et le respect du travail des g\u00e9n\u00e9rations pr\u00e9c\u00e9dentes nous portent. Le durable est notre nature !<\/p>\n<p>\n\n\n<p><\/p>\n<p><\/p>\n\n\n<\/p>\n<p>\n\n\n<p><\/p>","protected":false},"excerpt":{"rendered":"<p>Terra Design : Ma\u00e7onnerie Particuli\u00e8re. Sarl install\u00e9e au c\u0153ur de la Corse&#8230; \u00e0 Morosaglia pour \u00eatre pr\u00e9cis ! Nous formons une \u00e9quipe de professionnels mobiles et tr\u00e8s adaptatifs qui\u00a0avons certainement d\u00e9j\u00e0 rencontr\u00e9 une situation qui correspond \u00e0 votre exigence. Th\u00e9oriquement, nous intervenons dans toute la Corse. Mais en pratique, on rayonne plus souvent en Haute-Corse. <a class=\"more-link\" href=\"https:\/\/terradesign.fr\/index.php\/about\/\">Lire plus &#8230;<\/a><\/p>\n","protected":false},"author":1,"featured_media":579,"parent":0,"menu_order":0,"comment_status":"closed","ping_status":"closed","template":"","meta":[],"_links":{"self":[{"href":"https:\/\/terradesign.fr\/index.php\/wp-json\/wp\/v2\/pages\/13"}],"collection":[{"href":"https:\/\/terradesign.fr\/index.php\/wp-json\/wp\/v2\/pages"}],"about":[{"href":"https:\/\/terradesign.fr\/index.php\/wp-json\/wp\/v2\/types\/page"}],"author":[{"embeddable":true,"href":"https:\/\/terradesign.fr\/index.php\/wp-json\/wp\/v2\/users\/1"}],"replies":[{"embeddable":true,"href":"https:\/\/terradesign.fr\/index.php\/wp-json\/wp\/v2\/comments?post=13"}],"version-history":[{"count":8,"href":"https:\/\/terradesign.fr\/index.php\/wp-json\/wp\/v2\/pages\/13\/revisions"}],"predecessor-version":[{"id":1070,"href":"https:\/\/terradesign.fr\/index.php\/wp-json\/wp\/v2\/pages\/13\/revisions\/1070"}],"wp:featuredmedia":[{"embeddable":true,"href":"https:\/\/terradesign.fr\/index.php\/wp-json\/wp\/v2\/media\/579"}],"wp:attachment":[{"href":"https:\/\/terradesign.fr\/index.php\/wp-json\/wp\/v2\/media?parent=13"}],"curies":[{"name":"wp","href":"https:\/\/api.w.org\/{rel}","templated":true}]}}