{"id":533,"date":"2020-06-04T10:23:29","date_gmt":"2020-06-04T08:23:29","guid":{"rendered":"https:\/\/wp-royal-themes.com\/themes\/bard-free\/demo-import\/?page_id=533"},"modified":"2023-04-10T23:04:26","modified_gmt":"2023-04-10T21:04:26","slug":"terra-design","status":"publish","type":"page","link":"https:\/\/terradesign.fr\/index.php\/terra-design\/","title":{"rendered":"Comp\u00e9tences"},"content":{"rendered":"\n<p><style>\/*! elementor-pro - v3.10.2 - 17-01-2023 *\/<br \/>\n.elementor-slides .swiper-slide-bg{background-size:cover;background-position:50%;background-repeat:no-repeat;min-width:100%;min-height:100%}.elementor-slides .swiper-slide-inner{background-repeat:no-repeat;background-position:50%;position:absolute;top:0;left:0;bottom:0;right:0;padding:50px;margin:auto}.elementor-slides .swiper-slide-inner,.elementor-slides .swiper-slide-inner:hover{color:#fff;display:flex}.elementor-slides .swiper-slide-inner .elementor-background-overlay{position:absolute;z-index:0;top:0;bottom:0;left:0;right:0}.elementor-slides .swiper-slide-inner .elementor-slide-content{position:relative;z-index:1;width:100%}.elementor-slides .swiper-slide-inner .elementor-slide-heading{font-size:35px;font-weight:700;line-height:1}.elementor-slides .swiper-slide-inner .elementor-slide-description{font-size:17px;line-height:1.4}.elementor-slides .swiper-slide-inner .elementor-slide-description:not(:last-child),.elementor-slides .swiper-slide-inner .elementor-slide-heading:not(:last-child){margin-bottom:30px}.elementor-slides .swiper-slide-inner .elementor-slide-button{border:2px solid #fff;color:#fff;background:transparent;display:inline-block}.elementor-slides .swiper-slide-inner .elementor-slide-button,.elementor-slides .swiper-slide-inner .elementor-slide-button:hover{background:transparent;color:inherit;text-decoration:none}.elementor--v-position-top .swiper-slide-inner{align-items:flex-start}.elementor--v-position-bottom .swiper-slide-inner{align-items:flex-end}.elementor--v-position-middle .swiper-slide-inner{align-items:center}.elementor--h-position-left .swiper-slide-inner{justify-content:flex-start}.elementor--h-position-right .swiper-slide-inner{justify-content:flex-end}.elementor--h-position-center .swiper-slide-inner{justify-content:center}body.rtl .elementor-widget-slides .elementor-swiper-button-next{left:10px;right:auto}body.rtl .elementor-widget-slides .elementor-swiper-button-prev{right:10px;left:auto}.elementor-slides-wrapper div:not(.swiper-slide)>.swiper-slide-inner{display:none}@media (max-width:767px){.elementor-slides .swiper-slide-inner{padding:30px}.elementor-slides .swiper-slide-inner .elementor-slide-heading{font-size:23px;line-height:1;margin-bottom:15px}.elementor-slides .swiper-slide-inner .elementor-slide-description{font-size:13px;line-height:1.4;margin-bottom:15px}}<\/style><\/p>\n\n\n\n<p><\/p>\n\n\n\n<p><strong>Cr\u00e9\u00e9e en 2006, Terra Design r\u00e9unit des artisans du b\u00e2timent <\/strong>:&nbsp;<\/p>\n\n\n\n<p>en gros \u0153uvre :<\/p>\n\n\n\n<ul>\n<li>Ma\u00e7onnerie Structurelle<\/li>\n\n\n\n<li>Ma\u00e7onnerie de r\u00e9novation (\u00e0 la chaux)<\/li>\n\n\n\n<li>Charpente<\/li>\n\n\n\n<li>Escaliers bois ou b\u00e9ton<\/li>\n\n\n\n<li>Couverture<\/li>\n\n\n\n<li>Mur de pierre<\/li>\n\n\n\n<li>Fa\u00e7ade ext\u00e9rieure isol\u00e9e<\/li>\n\n\n\n<li>Doublage int\u00e9rieur en b\u00e9ton de chanvre<\/li>\n<\/ul>\n\n\n\n<p>et en second \u0153uvre&nbsp;:<\/p>\n\n\n\n<ul>\n<li>Isolation (RGE)<\/li>\n\n\n\n<li>Menuiserie<\/li>\n\n\n\n<li>Electricit\u00e9<\/li>\n\n\n\n<li>Plomberie<\/li>\n\n\n\n<li>Carrelage<\/li>\n\n\n\n<li>Pl\u00e2tre<\/li>\n<\/ul>\n\n\n\n<p>Install\u00e9s au centre de la Haute-Corse, nous intervenons aussi bien dans les villages qu\u2019en ville.<\/p>\n\n\n\n<p>La r\u00e9novation du b\u00e2ti ancien est notre lot quotidien. <\/p>\n\n\n\n<p>En 2022, nous avons obtenu l&rsquo;accr\u00e9ditation \u00e0 la construction en chanvre. Non seulement pour l&rsquo;isolation mais \u00e9galement pour \u00e9lever des R+1 en b\u00e9ton de chanvre (excellent rapport durabilit\u00e9\/environnement\/isolation thermique\/\u00e9conomie)<\/p>\n\n\n\n<p>Nous pouvons assumer la r\u00e9fection d\u2019un appartement comme la r\u00e9habilitation d\u2019un immeuble complet.<\/p>\n\n\n\n<p>Habitu\u00e9s \u00e0 travailler dans les villages o\u00f9 les artisans manquent, nous intervenons sur la plomberie et l\u2019\u00e9lectricit\u00e9. Pour le chauffage et la climatisation, comme pour le second \u0153uvre, la menuiserie, le Placoplatre ou la peinture, nous avons des partenaires r\u00e9guliers.<\/p>\n\n\n\n<p>N\u2019h\u00e9sitez pas \u00e0 <a href=\"https:\/\/terradesign.fr\/index.php\/devis\/\" target=\"_blank\" rel=\"noreferrer noopener\">demander un devis.<\/a><\/p>\n","protected":false},"excerpt":{"rendered":"<p>Cr\u00e9\u00e9e en 2006, Terra Design r\u00e9unit des artisans du b\u00e2timent :&nbsp; en gros \u0153uvre : et en second \u0153uvre&nbsp;: Install\u00e9s au centre de la Haute-Corse, nous intervenons aussi bien dans les villages qu\u2019en ville. La r\u00e9novation du b\u00e2ti ancien est notre lot quotidien. En 2022, nous avons obtenu l&rsquo;accr\u00e9ditation \u00e0 la construction en chanvre. Non <a class=\"more-link\" href=\"https:\/\/terradesign.fr\/index.php\/terra-design\/\">Lire plus &#8230;<\/a><\/p>\n","protected":false},"author":1,"featured_media":0,"parent":0,"menu_order":0,"comment_status":"closed","ping_status":"closed","template":"","meta":[],"_links":{"self":[{"href":"https:\/\/terradesign.fr\/index.php\/wp-json\/wp\/v2\/pages\/533"}],"collection":[{"href":"https:\/\/terradesign.fr\/index.php\/wp-json\/wp\/v2\/pages"}],"about":[{"href":"https:\/\/terradesign.fr\/index.php\/wp-json\/wp\/v2\/types\/page"}],"author":[{"embeddable":true,"href":"https:\/\/terradesign.fr\/index.php\/wp-json\/wp\/v2\/users\/1"}],"replies":[{"embeddable":true,"href":"https:\/\/terradesign.fr\/index.php\/wp-json\/wp\/v2\/comments?post=533"}],"version-history":[{"count":23,"href":"https:\/\/terradesign.fr\/index.php\/wp-json\/wp\/v2\/pages\/533\/revisions"}],"predecessor-version":[{"id":1102,"href":"https:\/\/terradesign.fr\/index.php\/wp-json\/wp\/v2\/pages\/533\/revisions\/1102"}],"wp:attachment":[{"href":"https:\/\/terradesign.fr\/index.php\/wp-json\/wp\/v2\/media?parent=533"}],"curies":[{"name":"wp","href":"https:\/\/api.w.org\/{rel}","templated":true}]}}